{"id":377,"date":"2015-07-29T13:44:44","date_gmt":"2015-07-29T13:44:44","guid":{"rendered":"https:\/\/sichu-blockart-minimal-portfolio.sites.qsandbox.com\/?page_id=4"},"modified":"2025-06-18T14:02:07","modified_gmt":"2025-06-18T14:02:07","slug":"home","status":"publish","type":"page","link":"https:\/\/selcukerdem.dr.tr\/","title":{"rendered":"Ana Sayfa"},"content":{"rendered":"\n<div class=\"blockart-section blockart-section-a6646ff7\"><div class=\"blockart-container\"><div class=\"blockart-section-inner\">\n<div class=\"blockart-column blockart-column-07dd77b9\"><div class=\"blockart-column-inner\">\n<h1 class=\"blockart-heading blockart-heading-90a5f4ef is-small\">Do\u00e7. Dr.<br>Sel\u00e7uk Erdem<\/h1>\n\n\n\n<p class=\"blockart-paragraph blockart-paragraph-ef68a1dd\">&#8211;<\/p>\n<\/div><\/div>\n\n\n\n<div class=\"blockart-column blockart-column-15bebf77\"><div class=\"blockart-column-inner\">\n<p class=\"blockart-paragraph blockart-paragraph-6ac99c33\">Yak\u0131nda \u00e7ok daha detayl\u0131 payla\u015f\u0131mlar\u0131m burada yer alacakt\u0131r.<\/p>\n\n\n\n<div class=\"blockart-section blockart-section-d2fb8f68\"><div class=\"blockart-container\"><div class=\"blockart-section-inner\">\n<div class=\"blockart-column blockart-column-9297b24d\"><div class=\"blockart-column-inner\">\n<figure class=\"blockart-image blockart-image-a237f178\"><a href=\"#\"><img loading=\"lazy\" decoding=\"async\" class=\"wp-image-38 hover-effect-static filter-none mask mask-none\" src=\"https:\/\/selcukerdem.dr.tr\/wp-content\/uploads\/2021\/12\/facebook-icons.png\" alt=\"\" height=\"42\" width=\"42\"\/><\/a><\/figure>\n<\/div><\/div>\n\n\n\n<div class=\"blockart-column blockart-column-09a63a7d\"><div class=\"blockart-column-inner\">\n<figure class=\"blockart-image blockart-image-4cd028c7\"><a href=\"#\"><img loading=\"lazy\" decoding=\"async\" class=\"wp-image-59 hover-effect-static filter-none mask mask-none\" src=\"https:\/\/selcukerdem.dr.tr\/wp-content\/uploads\/2021\/12\/twitter-icon.png\" alt=\"\" height=\"42\" width=\"42\"\/><\/a><\/figure>\n<\/div><\/div>\n\n\n\n<div class=\"blockart-column blockart-column-4809b13b\"><div class=\"blockart-column-inner\">\n<figure class=\"blockart-image blockart-image-670facd5\"><a href=\"#\"><img loading=\"lazy\" decoding=\"async\" class=\"wp-image-57 hover-effect-static filter-none mask mask-none\" src=\"https:\/\/selcukerdem.dr.tr\/wp-content\/uploads\/2021\/12\/instagram-icon.png\" alt=\"\" height=\"42\" width=\"42\"\/><\/a><\/figure>\n<\/div><\/div>\n\n\n\n<div class=\"blockart-column blockart-column-ecaa8a65\"><div class=\"blockart-column-inner\">\n<figure class=\"blockart-image blockart-image-a4951bd5\"><a href=\"#\"><img loading=\"lazy\" decoding=\"async\" class=\"wp-image-58 hover-effect-static filter-none mask mask-none\" src=\"https:\/\/selcukerdem.dr.tr\/wp-content\/uploads\/2021\/12\/linkedin-icon.png\" alt=\"\" height=\"42\" width=\"42\"\/><\/a><\/figure>\n<\/div><\/div>\n<\/div><\/div><\/div>\n<\/div><\/div>\n\n\n\n<div class=\"blockart-column blockart-column-619e52c8\"><div class=\"blockart-column-inner\">\n<figure class=\"blockart-image blockart-image-a4af9980\"><img loading=\"lazy\" decoding=\"async\" width=\"372\" height=\"372\" class=\"wp-image-384 hover-effect-static filter-none mask mask-none\" src=\"https:\/\/selcukerdem.dr.tr\/wp-content\/uploads\/2025\/06\/selcukerdem.jpeg\" alt=\"\" srcset=\"https:\/\/selcukerdem.dr.tr\/wp-content\/uploads\/2025\/06\/selcukerdem.jpeg 372w, https:\/\/selcukerdem.dr.tr\/wp-content\/uploads\/2025\/06\/selcukerdem-300x300.jpeg 300w, https:\/\/selcukerdem.dr.tr\/wp-content\/uploads\/2025\/06\/selcukerdem-150x150.jpeg 150w\" sizes=\"auto, (max-width: 372px) 100vw, 372px\" \/><\/figure>\n<\/div><\/div>\n<\/div><\/div><\/div>\n\n\n\n<div class=\"blockart-section blockart-section-5b6e95f5\"><div class=\"blockart-container\"><div class=\"blockart-section-inner\">\n<div class=\"blockart-column blockart-column-8b5c506b\"><div class=\"blockart-column-inner\">\n<h2 class=\"blockart-heading blockart-heading-111986d5\">Hakk\u0131mda<\/h2>\n\n\n\n<div class=\"blockart-section blockart-section-b8d9d8a6\"><div class=\"blockart-container\"><div class=\"blockart-section-inner\">\n<div class=\"blockart-column blockart-column-15ed99e6\"><div class=\"blockart-column-inner\">\n<p class=\"blockart-paragraph blockart-paragraph-09a07bf9\">Yak\u0131nda&#8230;<\/p>\n\n\n\n<p class=\"blockart-paragraph blockart-paragraph-de5e65b3\"><strong><em>.<\/em><\/strong><\/p>\n\n\n\n<p class=\"blockart-paragraph blockart-paragraph-44e0d6fc\">.<\/p>\n<\/div><\/div>\n\n\n\n<div class=\"blockart-column blockart-column-e49efcde\"><div class=\"blockart-column-inner\">\n<div class=\"blockart-section blockart-section-09bd7699\"><div class=\"blockart-container\"><div class=\"blockart-section-inner\">\n<div class=\"blockart-column blockart-column-c2947a7d\"><div class=\"blockart-column-inner\">\n<h2 class=\"blockart-heading blockart-heading-4b9f8f02\">12+<\/h2>\n\n\n\n<p class=\"blockart-paragraph blockart-paragraph-871df9ba\">&#8211;<\/p>\n<\/div><\/div>\n\n\n\n<div class=\"blockart-column blockart-column-84851093\"><div class=\"blockart-column-inner\">\n<h2 class=\"blockart-heading blockart-heading-d9b565e1\">80+<\/h2>\n\n\n\n<p class=\"blockart-paragraph blockart-paragraph-67ddb2e4\">&#8211;<\/p>\n<\/div><\/div>\n<\/div><\/div><\/div>\n\n\n\n<div class=\"blockart-section blockart-section-d14473f8\"><div class=\"blockart-container\"><div class=\"blockart-section-inner\">\n<div class=\"blockart-column blockart-column-d30a23a6\"><div class=\"blockart-column-inner\">\n<h2 class=\"blockart-heading blockart-heading-5f60f9a5\">90+<\/h2>\n\n\n\n<p class=\"blockart-paragraph blockart-paragraph-26f0f780\">&#8211;<\/p>\n<\/div><\/div>\n\n\n\n<div class=\"blockart-column blockart-column-1d39d745\"><div class=\"blockart-column-inner\">\n<h2 class=\"blockart-heading blockart-heading-a0d9b0d1\">10+<\/h2>\n\n\n\n<p class=\"blockart-paragraph blockart-paragraph-4d57fed8\">&#8211;<\/p>\n<\/div><\/div>\n<\/div><\/div><\/div>\n<\/div><\/div>\n<\/div><\/div><\/div>\n<\/div><\/div>\n<\/div><\/div><\/div>\n\n\n\n<div class=\"blockart-section blockart-section-c0a1e035\"><div class=\"blockart-container\"><div class=\"blockart-section-inner\">\n<div class=\"blockart-column blockart-column-5145617c\"><div class=\"blockart-column-inner\">\n<h2 class=\"blockart-heading blockart-heading-0c586847\">\u00c7ALI\u015eMALAR<\/h2>\n\n\n\n<div class=\"blockart-section blockart-section-6e1298f6\"><div class=\"blockart-container\"><div class=\"blockart-section-inner\">\n<div class=\"blockart-column blockart-column-c7e71d89\"><div class=\"blockart-column-inner\">\n<figure class=\"blockart-image blockart-image-2759661e\"><img loading=\"lazy\" decoding=\"async\" class=\"wp-image-349 hover-effect-static filter-none mask mask-none\" src=\"https:\/\/selcukerdem.dr.tr\/wp-content\/uploads\/2022\/01\/design-concept.jpg\" alt=\"\" height=\"853\" width=\"1280\" srcset=\"https:\/\/selcukerdem.dr.tr\/wp-content\/uploads\/2022\/01\/design-concept.jpg 1280w, https:\/\/selcukerdem.dr.tr\/wp-content\/uploads\/2022\/01\/design-concept-300x200.jpg 300w, https:\/\/selcukerdem.dr.tr\/wp-content\/uploads\/2022\/01\/design-concept-1024x682.jpg 1024w, https:\/\/selcukerdem.dr.tr\/wp-content\/uploads\/2022\/01\/design-concept-768x512.jpg 768w\" sizes=\"auto, (max-width: 1280px) 100vw, 1280px\" \/><\/figure>\n\n\n\n<h3 class=\"blockart-heading blockart-heading-a29d44f4\">\u00c7al\u0131\u015fma 1<\/h3>\n\n\n\n<p class=\"blockart-paragraph blockart-paragraph-543bf743\">&#8211;<\/p>\n<\/div><\/div>\n\n\n\n<div class=\"blockart-column blockart-column-7f5be450\"><div class=\"blockart-column-inner\">\n<figure class=\"blockart-image blockart-image-b2c9ded0\"><img loading=\"lazy\" decoding=\"async\" class=\"wp-image-356 hover-effect-static filter-none mask mask-none\" src=\"https:\/\/selcukerdem.dr.tr\/wp-content\/uploads\/2022\/01\/mobile_application.jpg\" alt=\"\" height=\"850\" width=\"1280\" srcset=\"https:\/\/selcukerdem.dr.tr\/wp-content\/uploads\/2022\/01\/mobile_application.jpg 1280w, https:\/\/selcukerdem.dr.tr\/wp-content\/uploads\/2022\/01\/mobile_application-300x199.jpg 300w, https:\/\/selcukerdem.dr.tr\/wp-content\/uploads\/2022\/01\/mobile_application-1024x680.jpg 1024w, https:\/\/selcukerdem.dr.tr\/wp-content\/uploads\/2022\/01\/mobile_application-768x510.jpg 768w\" sizes=\"auto, (max-width: 1280px) 100vw, 1280px\" \/><\/figure>\n\n\n\n<h3 class=\"blockart-heading blockart-heading-a9386a79\">\u00c7al\u0131\u015fma 2<\/h3>\n\n\n\n<p class=\"blockart-paragraph blockart-paragraph-c6a8ed97\">&#8211;<\/p>\n<\/div><\/div>\n\n\n\n<div class=\"blockart-column blockart-column-d4393849\"><div class=\"blockart-column-inner\">\n<figure class=\"blockart-image blockart-image-5a6dfc07\"><img loading=\"lazy\" decoding=\"async\" class=\"wp-image-358 hover-effect-static filter-none mask mask-none\" src=\"https:\/\/selcukerdem.dr.tr\/wp-content\/uploads\/2022\/01\/Website-Platform.jpg\" alt=\"\" height=\"432\" width=\"650\" srcset=\"https:\/\/selcukerdem.dr.tr\/wp-content\/uploads\/2022\/01\/Website-Platform.jpg 650w, https:\/\/selcukerdem.dr.tr\/wp-content\/uploads\/2022\/01\/Website-Platform-300x199.jpg 300w\" sizes=\"auto, (max-width: 650px) 100vw, 650px\" \/><\/figure>\n\n\n\n<h3 class=\"blockart-heading blockart-heading-bc22617d\">\u00c7al\u0131\u015fma 3<\/h3>\n\n\n\n<p class=\"blockart-paragraph blockart-paragraph-c4932878\">&#8211;<\/p>\n<\/div><\/div>\n<\/div><\/div><\/div>\n\n\n\n<div class=\"blockart-section blockart-section-326b2722\"><div class=\"blockart-container\"><div class=\"blockart-section-inner\">\n<div class=\"blockart-column blockart-column-988e1ca2\"><div class=\"blockart-column-inner\">\n<figure class=\"blockart-image blockart-image-8f383cc3\"><img loading=\"lazy\" decoding=\"async\" class=\"wp-image-361 hover-effect-static filter-none mask mask-none\" src=\"https:\/\/selcukerdem.dr.tr\/wp-content\/uploads\/2022\/01\/Strategy-and-branding.jpg\" alt=\"\" height=\"854\" width=\"1280\" srcset=\"https:\/\/selcukerdem.dr.tr\/wp-content\/uploads\/2022\/01\/Strategy-and-branding.jpg 1280w, https:\/\/selcukerdem.dr.tr\/wp-content\/uploads\/2022\/01\/Strategy-and-branding-300x200.jpg 300w, https:\/\/selcukerdem.dr.tr\/wp-content\/uploads\/2022\/01\/Strategy-and-branding-1024x683.jpg 1024w, https:\/\/selcukerdem.dr.tr\/wp-content\/uploads\/2022\/01\/Strategy-and-branding-768x512.jpg 768w\" sizes=\"auto, (max-width: 1280px) 100vw, 1280px\" \/><\/figure>\n\n\n\n<h3 class=\"blockart-heading blockart-heading-2c3cee07\">\u00c7al\u0131\u015fma 4<\/h3>\n\n\n\n<p class=\"blockart-paragraph blockart-paragraph-9ee7a5e1\">&#8211;<\/p>\n<\/div><\/div>\n\n\n\n<div class=\"blockart-column blockart-column-d49c483b\"><div class=\"blockart-column-inner\">\n<figure class=\"blockart-image blockart-image-5082f787\"><img loading=\"lazy\" decoding=\"async\" class=\"wp-image-366 hover-effect-static filter-none mask mask-none\" src=\"https:\/\/selcukerdem.dr.tr\/wp-content\/uploads\/2022\/01\/poster-mockup.jpg\" alt=\"\" height=\"533\" width=\"800\" srcset=\"https:\/\/selcukerdem.dr.tr\/wp-content\/uploads\/2022\/01\/poster-mockup.jpg 800w, https:\/\/selcukerdem.dr.tr\/wp-content\/uploads\/2022\/01\/poster-mockup-300x200.jpg 300w, https:\/\/selcukerdem.dr.tr\/wp-content\/uploads\/2022\/01\/poster-mockup-768x512.jpg 768w\" sizes=\"auto, (max-width: 800px) 100vw, 800px\" \/><\/figure>\n\n\n\n<h3 class=\"blockart-heading blockart-heading-c07f5430\">\u00c7al\u0131\u015fma 5<\/h3>\n\n\n\n<p class=\"blockart-paragraph blockart-paragraph-56bb3ca1\">&#8211;<\/p>\n<\/div><\/div>\n\n\n\n<div class=\"blockart-column blockart-column-e98737de\"><div class=\"blockart-column-inner\">\n<figure class=\"blockart-image blockart-image-e30f9fba\"><img loading=\"lazy\" decoding=\"async\" class=\"wp-image-252 hover-effect-static filter-none mask mask-none\" src=\"https:\/\/selcukerdem.dr.tr\/wp-content\/uploads\/2021\/12\/web-design-tools-min.jpg\" alt=\"\" height=\"600\" width=\"900\" srcset=\"https:\/\/selcukerdem.dr.tr\/wp-content\/uploads\/2021\/12\/web-design-tools-min.jpg 900w, https:\/\/selcukerdem.dr.tr\/wp-content\/uploads\/2021\/12\/web-design-tools-min-300x200.jpg 300w, https:\/\/selcukerdem.dr.tr\/wp-content\/uploads\/2021\/12\/web-design-tools-min-768x512.jpg 768w\" sizes=\"auto, (max-width: 900px) 100vw, 900px\" \/><\/figure>\n\n\n\n<h3 class=\"blockart-heading blockart-heading-63a8218e\">\u00c7al\u0131\u015fma 6<\/h3>\n\n\n\n<p class=\"blockart-paragraph blockart-paragraph-32c96007\">&#8211;<\/p>\n<\/div><\/div>\n<\/div><\/div><\/div>\n\n\n\n<div class=\"blockart-buttons blockart-buttons-72262767 is-wrap is-horizontal justify-center\">\n<div class=\"blockart-button blockart-button-6630d6dd \"><a class=\"blockart-button-link is-custom is-style-filled\" href=\"https:\/\/zakrademos.com\/minimal-portfolio-02\/portfolio\/\">Daha Fazla<\/a><\/div>\n<\/div>\n<\/div><\/div>\n<\/div><\/div><\/div>\n\n\n\n<div class=\"blockart-section blockart-section-74e4f3b9\"><div class=\"blockart-container\"><div class=\"blockart-section-inner\"><\/div><\/div><\/div>\n","protected":false},"excerpt":{"rendered":"","protected":false},"author":1,"featured_media":0,"parent":0,"menu_order":0,"comment_status":"open","ping_status":"open","template":"page-templates\/pagebuilder.php","meta":{"zakra_sidebar_layout":"stretched","zakra_remove_content_margin":true,"zakra_sidebar":"customizer","zakra_transparent_header":"customizer","zakra_logo":0,"zakra_main_header_style":"default","zakra_menu_item_color":"","zakra_menu_item_hover_color":"","zakra_menu_item_active_color":"","zakra_menu_active_style":"","zakra_page_header":false,"footnotes":""},"class_list":["post-377","page","type-page","status-publish","hentry"],"_links":{"self":[{"href":"https:\/\/selcukerdem.dr.tr\/index.php\/wp-json\/wp\/v2\/pages\/377","targetHints":{"allow":["GET"]}}],"collection":[{"href":"https:\/\/selcukerdem.dr.tr\/index.php\/wp-json\/wp\/v2\/pages"}],"about":[{"href":"https:\/\/selcukerdem.dr.tr\/index.php\/wp-json\/wp\/v2\/types\/page"}],"author":[{"embeddable":true,"href":"https:\/\/selcukerdem.dr.tr\/index.php\/wp-json\/wp\/v2\/users\/1"}],"replies":[{"embeddable":true,"href":"https:\/\/selcukerdem.dr.tr\/index.php\/wp-json\/wp\/v2\/comments?post=377"}],"version-history":[{"count":3,"href":"https:\/\/selcukerdem.dr.tr\/index.php\/wp-json\/wp\/v2\/pages\/377\/revisions"}],"predecessor-version":[{"id":397,"href":"https:\/\/selcukerdem.dr.tr\/index.php\/wp-json\/wp\/v2\/pages\/377\/revisions\/397"}],"wp:attachment":[{"href":"https:\/\/selcukerdem.dr.tr\/index.php\/wp-json\/wp\/v2\/media?parent=377"}],"curies":[{"name":"wp","href":"https:\/\/api.w.org\/{rel}","templated":true}]}}