{"id":179,"date":"2021-12-24T05:17:29","date_gmt":"2021-12-24T05:17:29","guid":{"rendered":"https:\/\/sichu-blockart-minimal-portfolio.sites.qsandbox.com\/?page_id=179"},"modified":"2025-06-18T12:55:29","modified_gmt":"2025-06-18T12:55:29","slug":"portfolio","status":"publish","type":"page","link":"https:\/\/selcukerdem.dr.tr\/index.php\/portfolio\/","title":{"rendered":"\u00c7al\u0131\u015fmalar"},"content":{"rendered":"\n<div class=\"blockart-section blockart-section-c0a1e035\"><div class=\"blockart-container\"><div class=\"blockart-section-inner\">\n<div class=\"blockart-column blockart-column-5145617c\"><div class=\"blockart-column-inner\">\n<h2 class=\"blockart-heading blockart-heading-0c586847\">\u00c7al\u0131\u015fmalar<\/h2>\n\n\n\n<div class=\"blockart-section blockart-section-6e1298f6\"><div class=\"blockart-container\"><div class=\"blockart-section-inner\">\n<div class=\"blockart-column blockart-column-c7e71d89\"><div class=\"blockart-column-inner\">\n<figure class=\"blockart-image blockart-image-2759661e\"><img decoding=\"async\" class=\"\" src=\"https:\/\/selcukerdem.dr.tr\/wp-content\/uploads\/2022\/01\/design-concept.jpg\" alt=\"\"\/><\/figure>\n\n\n\n<h3 class=\"blockart-heading blockart-heading-a29d44f4\">Cras Dictum Lacus<\/h3>\n\n\n\n<p class=\"blockart-paragraph blockart-paragraph-543bf743\">DESIGN CONCEPT<\/p>\n<\/div><\/div>\n\n\n\n<div class=\"blockart-column blockart-column-7f5be450\"><div class=\"blockart-column-inner\">\n<figure class=\"blockart-image blockart-image-b2c9ded0\"><img decoding=\"async\" class=\"\" src=\"https:\/\/selcukerdem.dr.tr\/wp-content\/uploads\/2022\/01\/mobile_application.jpg\" alt=\"\"\/><\/figure>\n\n\n\n<h3 class=\"blockart-heading blockart-heading-a9386a79\">Nulla Lobortis Orci<\/h3>\n\n\n\n<p class=\"blockart-paragraph blockart-paragraph-c6a8ed97\">MOBILE APPLICATIONS<\/p>\n<\/div><\/div>\n\n\n\n<div class=\"blockart-column blockart-column-d4393849\"><div class=\"blockart-column-inner\">\n<figure class=\"blockart-image blockart-image-5a6dfc07\"><img decoding=\"async\" class=\"\" src=\"https:\/\/selcukerdem.dr.tr\/wp-content\/uploads\/2022\/01\/Website-Platform.jpg\" alt=\"\"\/><\/figure>\n\n\n\n<h3 class=\"blockart-heading blockart-heading-bc22617d\">Fusce Venenatis Justo <\/h3>\n\n\n\n<p class=\"blockart-paragraph blockart-paragraph-c4932878\">WEBSITES &amp; PLATFORMS<\/p>\n<\/div><\/div>\n<\/div><\/div><\/div>\n\n\n\n<div class=\"blockart-section blockart-section-326b2722\"><div class=\"blockart-container\"><div class=\"blockart-section-inner\">\n<div class=\"blockart-column blockart-column-988e1ca2\"><div class=\"blockart-column-inner\">\n<figure class=\"blockart-image blockart-image-8f383cc3\"><img decoding=\"async\" class=\"\" src=\"https:\/\/selcukerdem.dr.tr\/wp-content\/uploads\/2022\/01\/Strategy-and-branding.jpg\" alt=\"\"\/><\/figure>\n\n\n\n<h3 class=\"blockart-heading blockart-heading-2c3cee07\">Pras Dictum Lacus<\/h3>\n\n\n\n<p class=\"blockart-paragraph blockart-paragraph-9ee7a5e1\">BRAND STRATEGY<\/p>\n<\/div><\/div>\n\n\n\n<div class=\"blockart-column blockart-column-d49c483b\"><div class=\"blockart-column-inner\">\n<figure class=\"blockart-image blockart-image-5082f787\"><img decoding=\"async\" class=\"\" src=\"https:\/\/selcukerdem.dr.tr\/wp-content\/uploads\/2022\/01\/poster-mockup.jpg\" alt=\"\"\/><\/figure>\n\n\n\n<h3 class=\"blockart-heading blockart-heading-c07f5430\">Wulla Lobortis Orci<\/h3>\n\n\n\n<p class=\"blockart-paragraph blockart-paragraph-56bb3ca1\">POSTER  MOCKUP<\/p>\n<\/div><\/div>\n\n\n\n<div class=\"blockart-column blockart-column-e98737de\"><div class=\"blockart-column-inner\">\n<figure class=\"blockart-image blockart-image-e30f9fba\"><img decoding=\"async\" class=\"\" src=\"https:\/\/selcukerdem.dr.tr\/wp-content\/uploads\/2021\/12\/web-design-tools-min.jpg\" alt=\"\"\/><\/figure>\n\n\n\n<h3 class=\"blockart-heading blockart-heading-63a8218e\">Musce Venenatis Justo <\/h3>\n\n\n\n<p class=\"blockart-paragraph blockart-paragraph-32c96007\">WEB DESIGN<\/p>\n<\/div><\/div>\n<\/div><\/div><\/div>\n<\/div><\/div>\n<\/div><\/div><\/div>\n","protected":false},"excerpt":{"rendered":"","protected":false},"author":1,"featured_media":0,"parent":0,"menu_order":0,"comment_status":"closed","ping_status":"closed","template":"page-templates\/pagebuilder.php","meta":{"zakra_sidebar_layout":"stretched","zakra_remove_content_margin":true,"zakra_sidebar":"customizer","zakra_transparent_header":"customizer","zakra_logo":0,"zakra_main_header_style":"default","zakra_menu_item_color":"","zakra_menu_item_hover_color":"","zakra_menu_item_active_color":"","zakra_menu_active_style":"","zakra_page_header":true,"footnotes":""},"class_list":["post-179","page","type-page","status-publish","hentry"],"_links":{"self":[{"href":"https:\/\/selcukerdem.dr.tr\/index.php\/wp-json\/wp\/v2\/pages\/179","targetHints":{"allow":["GET"]}}],"collection":[{"href":"https:\/\/selcukerdem.dr.tr\/index.php\/wp-json\/wp\/v2\/pages"}],"about":[{"href":"https:\/\/selcukerdem.dr.tr\/index.php\/wp-json\/wp\/v2\/types\/page"}],"author":[{"embeddable":true,"href":"https:\/\/selcukerdem.dr.tr\/index.php\/wp-json\/wp\/v2\/users\/1"}],"replies":[{"embeddable":true,"href":"https:\/\/selcukerdem.dr.tr\/index.php\/wp-json\/wp\/v2\/comments?post=179"}],"version-history":[{"count":1,"href":"https:\/\/selcukerdem.dr.tr\/index.php\/wp-json\/wp\/v2\/pages\/179\/revisions"}],"predecessor-version":[{"id":392,"href":"https:\/\/selcukerdem.dr.tr\/index.php\/wp-json\/wp\/v2\/pages\/179\/revisions\/392"}],"wp:attachment":[{"href":"https:\/\/selcukerdem.dr.tr\/index.php\/wp-json\/wp\/v2\/media?parent=179"}],"curies":[{"name":"wp","href":"https:\/\/api.w.org\/{rel}","templated":true}]}}